{"id":28,"date":"2024-08-16T08:32:58","date_gmt":"2024-08-16T08:32:58","guid":{"rendered":"https:\/\/molditnovo.empty.pt\/?page_id=28"},"modified":"2024-10-14T13:34:09","modified_gmt":"2024-10-14T13:34:09","slug":"a-sua-ideia","status":"publish","type":"page","link":"https:\/\/molditindustries.com\/en\/a-sua-ideia\/","title":{"rendered":"Your Idea"},"content":{"rendered":"\t\t<div data-elementor-type=\"wp-page\" data-elementor-id=\"28\" class=\"elementor elementor-28\" data-elementor-post-type=\"page\">\n\t\t\t\t\t\t<section class=\"elementor-section elementor-top-section elementor-element elementor-element-e3096e9 elementor-section-boxed elementor-section-height-default elementor-section-height-default\" data-id=\"e3096e9\" data-element_type=\"section\" data-e-type=\"section\" data-settings=\"{&quot;background_background&quot;:&quot;classic&quot;}\">\n\t\t\t\t\t\t<div class=\"elementor-container elementor-column-gap-default\">\n\t\t\t\t\t<div class=\"aux-parallax-section elementor-column elementor-col-50 elementor-top-column elementor-element elementor-element-2208724 elementor-invisible\" data-id=\"2208724\" data-element_type=\"column\" data-e-type=\"column\" data-settings=\"{&quot;animation&quot;:&quot;slideInLeft&quot;}\">\n\t\t\t<div class=\"elementor-widget-wrap elementor-element-populated\">\n\t\t\t\t\t\t<div class=\"elementor-element elementor-element-913feb9 elementor-widget elementor-widget-heading\" data-id=\"913feb9\" data-element_type=\"widget\" data-e-type=\"widget\" data-widget_type=\"heading.default\">\n\t\t\t\t<div class=\"elementor-widget-container\">\n\t\t\t\t\t<h1 class=\"elementor-heading-title elementor-size-default\">A SUA IDEIA<\/h1>\t\t\t\t<\/div>\n\t\t\t\t<\/div>\n\t\t\t\t<div class=\"elementor-element elementor-element-04d4f76 elementor-widget-divider--view-line elementor-widget elementor-widget-divider\" data-id=\"04d4f76\" data-element_type=\"widget\" data-e-type=\"widget\" data-widget_type=\"divider.default\">\n\t\t\t\t<div class=\"elementor-widget-container\">\n\t\t\t\t\t\t\t<div class=\"elementor-divider\">\n\t\t\t<span class=\"elementor-divider-separator\">\n\t\t\t\t\t\t<\/span>\n\t\t<\/div>\n\t\t\t\t\t\t<\/div>\n\t\t\t\t<\/div>\n\t\t\t\t<div class=\"elementor-element elementor-element-7e7145d elementor-widget elementor-widget-text-editor\" data-id=\"7e7145d\" data-element_type=\"widget\" data-e-type=\"widget\" data-widget_type=\"text-editor.default\">\n\t\t\t\t<div class=\"elementor-widget-container\">\n\t\t\t\t\t\t\t\t\t<p><strong>Plataforma de Inova\u00e7\u00e3o da MOLDIT Industries<\/strong><\/p><p>A sua ideia, a nossa engenharia, a nossa inje\u00e7\u00e3o, o seu produto.<\/p><p>Teve uma ideia inovadora? Ent\u00e3o est\u00e1 no s\u00edtio certo!<\/p><p>Bem-vindo \u00e0 plataforma de inova\u00e7\u00e3o da MOLDIT Industries.<\/p><p>Uma nova oportunidade de cocria\u00e7\u00e3o.<\/p><p>Vamos inovar juntos!<\/p><p>Esta \u00e9 a plataforma da MOLDIT Industries que o ajudar\u00e1 a trazer novas solu\u00e7\u00f5es para o mercado.<\/p><p>N\u00e3o importa se \u00e9 uma startup, uma universidade, uma empresa ou um particular que teve uma ideia e precisa de um parceiro para o design do seu produto, produ\u00e7\u00e3o de moldes e pe\u00e7as em pl\u00e1stico. N\u00f3s podemos ajudar!<\/p><p>Exponha a sua proposta de inova\u00e7\u00e3o e diga-nos o que pretende, que n\u00f3s iremos ajud\u00e1-lo a transformar a sua ideia numa realidade, atrav\u00e9s dos seguintes servi\u00e7os:<\/p><ol><li>Investiga\u00e7\u00e3o &amp; Desenvolvimento<\/li><li>Design &amp; Engenharia<\/li><li>Prototipagem e Projeto de Molde<\/li><li>Produ\u00e7\u00e3o e Valida\u00e7\u00e3o do Molde<\/li><li>Pr\u00e9-series e Inje\u00e7\u00e3o das pe\u00e7as em pl\u00e1stico<\/li><li>Produ\u00e7\u00e3o &amp; Montagem<\/li><li>Embalamento &amp; Expedi\u00e7\u00e3o<\/li><\/ol><p>Queremos ajud\u00e1-lo a tornar o seu projeto em realidade.<\/p><p>Valide a sua ideia na plataforma de ideias da MOLDIT Industries, a porta de entrada para os inovadores e empreendedores.<\/p><p>Na MOLDIT Industries acreditamos em parcerias. E voc\u00ea?\u00a0<\/p>\t\t\t\t\t\t\t\t<\/div>\n\t\t\t\t<\/div>\n\t\t\t\t\t<\/div>\n\t\t<\/div>\n\t\t\t\t<div class=\"aux-parallax-section elementor-column elementor-col-50 elementor-top-column elementor-element elementor-element-e3c1a01\" data-id=\"e3c1a01\" data-element_type=\"column\" data-e-type=\"column\">\n\t\t\t<div class=\"elementor-widget-wrap elementor-element-populated\">\n\t\t\t\t\t\t<div class=\"elementor-element elementor-element-490f0cf elementor-button-align-start elementor-widget elementor-widget-form\" data-id=\"490f0cf\" data-element_type=\"widget\" data-e-type=\"widget\" data-settings=\"{&quot;step_next_label&quot;:&quot;Next&quot;,&quot;step_previous_label&quot;:&quot;Previous&quot;,&quot;button_width&quot;:&quot;100&quot;,&quot;step_type&quot;:&quot;number_text&quot;,&quot;step_icon_shape&quot;:&quot;circle&quot;}\" data-widget_type=\"form.default\">\n\t\t\t\t<div class=\"elementor-widget-container\">\n\t\t\t\t\t\t\t<form class=\"elementor-form\" method=\"post\" name=\"New Form\" aria-label=\"New Form\">\n\t\t\t<input type=\"hidden\" name=\"post_id\" value=\"28\"\/>\n\t\t\t<input type=\"hidden\" name=\"form_id\" value=\"490f0cf\"\/>\n\t\t\t<input type=\"hidden\" name=\"referer_title\" value=\"MOLDIT Industries\" \/>\n\n\t\t\t\n\t\t\t<div class=\"elementor-form-fields-wrapper elementor-labels-above\">\n\t\t\t\t\t\t\t\t<div class=\"elementor-field-type-text elementor-field-group elementor-column elementor-field-group-name elementor-col-100 elementor-field-required elementor-mark-required\">\n\t\t\t\t\t\t\t\t\t\t\t\t<label for=\"form-field-name\" class=\"elementor-field-label\">\n\t\t\t\t\t\t\t\tNome\t\t\t\t\t\t\t<\/label>\n\t\t\t\t\t\t\t\t\t\t\t\t\t\t<input size=\"1\" type=\"text\" name=\"form_fields[name]\" id=\"form-field-name\" class=\"elementor-field elementor-size-xs  elementor-field-textual\" required=\"required\">\n\t\t\t\t\t\t\t\t\t\t\t<\/div>\n\t\t\t\t\t\t\t\t<div class=\"elementor-field-type-text elementor-field-group elementor-column elementor-field-group-email elementor-col-100 elementor-field-required elementor-mark-required\">\n\t\t\t\t\t\t\t\t\t\t\t\t<label for=\"form-field-email\" class=\"elementor-field-label\">\n\t\t\t\t\t\t\t\tEmpresa\t\t\t\t\t\t\t<\/label>\n\t\t\t\t\t\t\t\t\t\t\t\t\t\t<input size=\"1\" type=\"text\" name=\"form_fields[email]\" id=\"form-field-email\" class=\"elementor-field elementor-size-xs  elementor-field-textual\" required=\"required\">\n\t\t\t\t\t\t\t\t\t\t\t<\/div>\n\t\t\t\t\t\t\t\t<div class=\"elementor-field-type-email elementor-field-group elementor-column elementor-field-group-message elementor-col-100 elementor-field-required elementor-mark-required\">\n\t\t\t\t\t\t\t\t\t\t\t\t<label for=\"form-field-message\" class=\"elementor-field-label\">\n\t\t\t\t\t\t\t\tEmail\t\t\t\t\t\t\t<\/label>\n\t\t\t\t\t\t\t\t\t\t\t\t\t\t<input size=\"1\" type=\"email\" name=\"form_fields[message]\" id=\"form-field-message\" class=\"elementor-field elementor-size-xs  elementor-field-textual\" required=\"required\">\n\t\t\t\t\t\t\t\t\t\t\t<\/div>\n\t\t\t\t\t\t\t\t<div class=\"elementor-field-type-tel elementor-field-group elementor-column elementor-field-group-field_f0ca2f4 elementor-col-100 elementor-field-required elementor-mark-required\">\n\t\t\t\t\t\t\t\t\t\t\t\t<label for=\"form-field-field_f0ca2f4\" class=\"elementor-field-label\">\n\t\t\t\t\t\t\t\tContacto telef\u00f3nico\t\t\t\t\t\t\t<\/label>\n\t\t\t\t\t\t\t\t<input size=\"1\" type=\"tel\" name=\"form_fields[field_f0ca2f4]\" id=\"form-field-field_f0ca2f4\" class=\"elementor-field elementor-size-xs  elementor-field-textual\" required=\"required\" pattern=\"[0-9()#&amp;+*-=.]+\" title=\"Only numbers and phone characters (#, -, *, etc) are accepted.\">\n\n\t\t\t\t\t\t<\/div>\n\t\t\t\t\t\t\t\t<div class=\"elementor-field-type-textarea elementor-field-group elementor-column elementor-field-group-field_90c5550 elementor-col-100\">\n\t\t\t\t\t\t\t\t\t\t\t\t<label for=\"form-field-field_90c5550\" class=\"elementor-field-label\">\n\t\t\t\t\t\t\t\tDeixe a sua mensagem (opcional)\t\t\t\t\t\t\t<\/label>\n\t\t\t\t\t\t<textarea class=\"elementor-field-textual elementor-field  elementor-size-xs\" name=\"form_fields[field_90c5550]\" id=\"form-field-field_90c5550\" rows=\"4\"><\/textarea>\t\t\t\t<\/div>\n\t\t\t\t\t\t\t\t<div class=\"elementor-field-type-html elementor-field-group elementor-column elementor-field-group-field_8885ce1 elementor-col-100\">\n\t\t\t\t\t<br>\t\t\t\t<\/div>\n\t\t\t\t\t\t\t\t<div class=\"elementor-field-type-upload elementor-field-group elementor-column elementor-field-group-curriculo elementor-col-100 elementor-field-required elementor-mark-required\">\n\t\t\t\t\t\t\t\t\t\t\t\t<label for=\"form-field-curriculo\" class=\"elementor-field-label\">\n\t\t\t\t\t\t\t\tSubmeta um ficheiro da sua ideia. PDF ou Word, 8mb m\u00e1x. (opcional)\t\t\t\t\t\t\t<\/label>\n\t\t\t\t\t\t\t\t<input type=\"file\" name=\"form_fields[curriculo]\" id=\"form-field-curriculo\" class=\"elementor-field elementor-size-xs  elementor-upload-field\" required=\"required\" data-maxsize=\"16\" data-maxsize-message=\"This file exceeds the maximum allowed size.\">\n\n\t\t\t\t\t\t<\/div>\n\t\t\t\t\t\t\t\t<div class=\"elementor-field-type-acceptance elementor-field-group elementor-column elementor-field-group-field_2d4f774 elementor-col-100\">\n\t\t\t\t\t\t\t<div class=\"elementor-field-subgroup\">\n\t\t\t<span class=\"elementor-field-option\">\n\t\t\t\t<input type=\"checkbox\" name=\"form_fields[field_2d4f774]\" id=\"form-field-field_2d4f774\" class=\"elementor-field elementor-size-xs  elementor-acceptance-field\">\n\t\t\t\t<label for=\"form-field-field_2d4f774\">Li e aceito a <a href=\"\">Pol\u00edtica de Prote\u00e7\u00e3o de Dados e de Privacidade<\/a><\/label>\t\t\t<\/span>\n\t\t<\/div>\n\t\t\t\t\t\t<\/div>\n\t\t\t\t\t\t\t\t<div class=\"elementor-field-type-recaptcha_v3 elementor-field-group elementor-column elementor-field-group-field_08748db elementor-col-100 recaptcha_v3-bottomright\">\n\t\t\t\t\t<div class=\"elementor-field\" id=\"form-field-field_08748db\"><div class=\"elementor-g-recaptcha\" data-sitekey=\"6Ld8K2EqAAAAACg4HqO_99Dx4NH9KRrspKBp5dhU\" data-type=\"v3\" data-action=\"Form\" data-badge=\"bottomright\" data-size=\"invisible\"><\/div><\/div>\t\t\t\t<\/div>\n\t\t\t\t\t\t\t\t<div class=\"elementor-field-group elementor-column elementor-field-type-submit elementor-col-100 e-form__buttons\">\n\t\t\t\t\t<button class=\"elementor-button elementor-size-sm\" type=\"submit\">\n\t\t\t\t\t\t<span class=\"elementor-button-content-wrapper\">\n\t\t\t\t\t\t\t\t\t\t\t\t\t\t\t\t\t\t\t\t\t\t<span class=\"elementor-button-text\">ENVIAR<\/span>\n\t\t\t\t\t\t\t\t\t\t\t\t\t<\/span>\n\t\t\t\t\t<\/button>\n\t\t\t\t<\/div>\n\t\t\t<\/div>\n\t\t<\/form>\n\t\t\t\t\t\t<\/div>\n\t\t\t\t<\/div>\n\t\t\t\t\t<\/div>\n\t\t<\/div>\n\t\t\t\t\t<\/div>\n\t\t<\/section>\n\t\t\t\t<\/div>\n\t\t","protected":false},"excerpt":{"rendered":"<p>A SUA IDEIA Plataforma de Inova\u00e7\u00e3o da MOLDIT Industries A sua ideia, a nossa engenharia, a nossa inje\u00e7\u00e3o, o seu produto. Teve uma ideia inovadora? Ent\u00e3o est\u00e1 no s\u00edtio certo! Bem-vindo \u00e0 plataforma de inova\u00e7\u00e3o da MOLDIT Industries. Uma nova oportunidade de cocria\u00e7\u00e3o. Vamos inovar juntos! Esta \u00e9 a plataforma da MOLDIT Industries que o [&hellip;]<\/p>\n","protected":false},"author":1,"featured_media":0,"parent":0,"menu_order":0,"comment_status":"closed","ping_status":"closed","template":"elementor_header_footer","meta":{"_acf_changed":false,"footnotes":""},"class_list":["post-28","page","type-page","status-publish","hentry"],"acf":[],"yoast_head":"<!-- This site is optimized with the Yoast SEO plugin v27.0 - https:\/\/yoast.com\/product\/yoast-seo-wordpress\/ -->\n<title>A sua ideia - MOLDIT Industries<\/title>\n<meta name=\"robots\" content=\"index, follow, max-snippet:-1, max-image-preview:large, max-video-preview:-1\" \/>\n<link rel=\"canonical\" href=\"https:\/\/molditindustries.com\/en\/a-sua-ideia\/\" \/>\n<meta property=\"og:locale\" content=\"en_GB\" \/>\n<meta property=\"og:type\" content=\"article\" \/>\n<meta property=\"og:title\" content=\"A sua ideia - MOLDIT Industries\" \/>\n<meta property=\"og:description\" content=\"A SUA IDEIA Plataforma de Inova\u00e7\u00e3o da MOLDIT Industries A sua ideia, a nossa engenharia, a nossa inje\u00e7\u00e3o, o seu produto. Teve uma ideia inovadora? Ent\u00e3o est\u00e1 no s\u00edtio certo! Bem-vindo \u00e0 plataforma de inova\u00e7\u00e3o da MOLDIT Industries. Uma nova oportunidade de cocria\u00e7\u00e3o. Vamos inovar juntos! Esta \u00e9 a plataforma da MOLDIT Industries que o [&hellip;]\" \/>\n<meta property=\"og:url\" content=\"https:\/\/molditindustries.com\/en\/a-sua-ideia\/\" \/>\n<meta property=\"og:site_name\" content=\"MOLDIT Industries\" \/>\n<meta property=\"article:modified_time\" content=\"2024-10-14T13:34:09+00:00\" \/>\n<meta name=\"twitter:card\" content=\"summary_large_image\" \/>\n<meta name=\"twitter:label1\" content=\"Estimated reading time\" \/>\n\t<meta name=\"twitter:data1\" content=\"1 minute\" \/>\n<script type=\"application\/ld+json\" class=\"yoast-schema-graph\">{\"@context\":\"https:\/\/schema.org\",\"@graph\":[{\"@type\":\"WebPage\",\"@id\":\"https:\/\/molditindustries.com\/a-sua-ideia\/\",\"url\":\"https:\/\/molditindustries.com\/a-sua-ideia\/\",\"name\":\"A sua ideia - MOLDIT Industries\",\"isPartOf\":{\"@id\":\"https:\/\/molditindustries.com\/pt_pt\/#website\"},\"datePublished\":\"2024-08-16T08:32:58+00:00\",\"dateModified\":\"2024-10-14T13:34:09+00:00\",\"breadcrumb\":{\"@id\":\"https:\/\/molditindustries.com\/a-sua-ideia\/#breadcrumb\"},\"inLanguage\":\"en-GB\",\"potentialAction\":[{\"@type\":\"ReadAction\",\"target\":[\"https:\/\/molditindustries.com\/a-sua-ideia\/\"]}]},{\"@type\":\"BreadcrumbList\",\"@id\":\"https:\/\/molditindustries.com\/a-sua-ideia\/#breadcrumb\",\"itemListElement\":[{\"@type\":\"ListItem\",\"position\":1,\"name\":\"In\u00edcio\",\"item\":\"https:\/\/molditindustries.com\/pt_pt\/\"},{\"@type\":\"ListItem\",\"position\":2,\"name\":\"A sua ideia\"}]},{\"@type\":\"WebSite\",\"@id\":\"https:\/\/molditindustries.com\/pt_pt\/#website\",\"url\":\"https:\/\/molditindustries.com\/pt_pt\/\",\"name\":\"MOLDIT Industries\",\"description\":\"\",\"potentialAction\":[{\"@type\":\"SearchAction\",\"target\":{\"@type\":\"EntryPoint\",\"urlTemplate\":\"https:\/\/molditindustries.com\/pt_pt\/?s={search_term_string}\"},\"query-input\":{\"@type\":\"PropertyValueSpecification\",\"valueRequired\":true,\"valueName\":\"search_term_string\"}}],\"inLanguage\":\"en-GB\"}]}<\/script>\n<!-- \/ Yoast SEO plugin. -->","yoast_head_json":{"title":"A sua ideia - MOLDIT Industries","robots":{"index":"index","follow":"follow","max-snippet":"max-snippet:-1","max-image-preview":"max-image-preview:large","max-video-preview":"max-video-preview:-1"},"canonical":"https:\/\/molditindustries.com\/en\/a-sua-ideia\/","og_locale":"en_GB","og_type":"article","og_title":"A sua ideia - MOLDIT Industries","og_description":"A SUA IDEIA Plataforma de Inova\u00e7\u00e3o da MOLDIT Industries A sua ideia, a nossa engenharia, a nossa inje\u00e7\u00e3o, o seu produto. Teve uma ideia inovadora? Ent\u00e3o est\u00e1 no s\u00edtio certo! Bem-vindo \u00e0 plataforma de inova\u00e7\u00e3o da MOLDIT Industries. Uma nova oportunidade de cocria\u00e7\u00e3o. Vamos inovar juntos! Esta \u00e9 a plataforma da MOLDIT Industries que o [&hellip;]","og_url":"https:\/\/molditindustries.com\/en\/a-sua-ideia\/","og_site_name":"MOLDIT Industries","article_modified_time":"2024-10-14T13:34:09+00:00","twitter_card":"summary_large_image","twitter_misc":{"Estimated reading time":"1 minute"},"schema":{"@context":"https:\/\/schema.org","@graph":[{"@type":"WebPage","@id":"https:\/\/molditindustries.com\/a-sua-ideia\/","url":"https:\/\/molditindustries.com\/a-sua-ideia\/","name":"A sua ideia - MOLDIT Industries","isPartOf":{"@id":"https:\/\/molditindustries.com\/pt_pt\/#website"},"datePublished":"2024-08-16T08:32:58+00:00","dateModified":"2024-10-14T13:34:09+00:00","breadcrumb":{"@id":"https:\/\/molditindustries.com\/a-sua-ideia\/#breadcrumb"},"inLanguage":"en-GB","potentialAction":[{"@type":"ReadAction","target":["https:\/\/molditindustries.com\/a-sua-ideia\/"]}]},{"@type":"BreadcrumbList","@id":"https:\/\/molditindustries.com\/a-sua-ideia\/#breadcrumb","itemListElement":[{"@type":"ListItem","position":1,"name":"In\u00edcio","item":"https:\/\/molditindustries.com\/pt_pt\/"},{"@type":"ListItem","position":2,"name":"A sua ideia"}]},{"@type":"WebSite","@id":"https:\/\/molditindustries.com\/pt_pt\/#website","url":"https:\/\/molditindustries.com\/pt_pt\/","name":"MOLDIT Industries","description":"","potentialAction":[{"@type":"SearchAction","target":{"@type":"EntryPoint","urlTemplate":"https:\/\/molditindustries.com\/pt_pt\/?s={search_term_string}"},"query-input":{"@type":"PropertyValueSpecification","valueRequired":true,"valueName":"search_term_string"}}],"inLanguage":"en-GB"}]}},"_links":{"self":[{"href":"https:\/\/molditindustries.com\/en\/wp-json\/wp\/v2\/pages\/28","targetHints":{"allow":["GET"]}}],"collection":[{"href":"https:\/\/molditindustries.com\/en\/wp-json\/wp\/v2\/pages"}],"about":[{"href":"https:\/\/molditindustries.com\/en\/wp-json\/wp\/v2\/types\/page"}],"author":[{"embeddable":true,"href":"https:\/\/molditindustries.com\/en\/wp-json\/wp\/v2\/users\/1"}],"replies":[{"embeddable":true,"href":"https:\/\/molditindustries.com\/en\/wp-json\/wp\/v2\/comments?post=28"}],"version-history":[{"count":92,"href":"https:\/\/molditindustries.com\/en\/wp-json\/wp\/v2\/pages\/28\/revisions"}],"predecessor-version":[{"id":2638,"href":"https:\/\/molditindustries.com\/en\/wp-json\/wp\/v2\/pages\/28\/revisions\/2638"}],"wp:attachment":[{"href":"https:\/\/molditindustries.com\/en\/wp-json\/wp\/v2\/media?parent=28"}],"curies":[{"name":"wp","href":"https:\/\/api.w.org\/{rel}","templated":true}]}}