{"id":32,"date":"2024-08-16T08:36:47","date_gmt":"2024-08-16T08:36:47","guid":{"rendered":"https:\/\/molditnovo.empty.pt\/?page_id=32"},"modified":"2026-01-21T17:28:02","modified_gmt":"2026-01-21T17:28:02","slug":"carreiras","status":"publish","type":"page","link":"https:\/\/molditindustries.com\/es\/carreiras\/","title":{"rendered":"Carreras"},"content":{"rendered":"\t\t<div data-elementor-type=\"wp-page\" data-elementor-id=\"32\" class=\"elementor elementor-32\" data-elementor-post-type=\"page\">\n\t\t\t\t<div class=\"aux-parallax-section elementor-element elementor-element-838123b e-flex e-con-boxed e-con e-parent\" data-id=\"838123b\" data-element_type=\"container\" data-e-type=\"container\">\n\t\t\t\t\t<div class=\"e-con-inner\">\n\t\t\t\t<div class=\"elementor-element elementor-element-89af1de elementor-widget elementor-widget-heading\" data-id=\"89af1de\" data-element_type=\"widget\" data-e-type=\"widget\" data-widget_type=\"heading.default\">\n\t\t\t\t<div class=\"elementor-widget-container\">\n\t\t\t\t\t<h2 class=\"elementor-heading-title elementor-size-default\">A sua pr\u00f3xima aventura profissional come\u00e7a aqui<\/h2>\t\t\t\t<\/div>\n\t\t\t\t<\/div>\n\t\t\t\t<div class=\"elementor-element elementor-element-a968854 elementor-widget elementor-widget-heading\" data-id=\"a968854\" data-element_type=\"widget\" data-e-type=\"widget\" data-widget_type=\"heading.default\">\n\t\t\t\t<div class=\"elementor-widget-container\">\n\t\t\t\t\t<h2 class=\"elementor-heading-title elementor-size-default\">Junte-se \u00e0 equipa MOLDIT INDUSTRIES e cres\u00e7a connosco.<\/h2>\t\t\t\t<\/div>\n\t\t\t\t<\/div>\n\t\t\t\t<div class=\"elementor-element elementor-element-e0fcf78 elementor-widget elementor-widget-text-editor\" data-id=\"e0fcf78\" data-element_type=\"widget\" data-e-type=\"widget\" data-widget_type=\"text-editor.default\">\n\t\t\t\t<div class=\"elementor-widget-container\">\n\t\t\t\t\t\t\t\t\t<p>Na <strong>MOLDIT INDUSTRIES<\/strong>, acreditamos que o sucesso nasce das pessoas. Valorizamos o talento, o compromisso e o esp\u00edrito de equipa, promovendo um ambiente onde cada colaborador pode evoluir e fazer a diferen\u00e7a.<\/p><p>Se quer crescer profissionalmente e fazer parte de um projeto com futuro, junte-se a n\u00f3s e construa connosco o pr\u00f3ximo cap\u00edtulo da sua carreira.<\/p>\t\t\t\t\t\t\t\t<\/div>\n\t\t\t\t<\/div>\n\t\t\t\t\t<\/div>\n\t\t\t\t<\/div>\n\t\t<div class=\"aux-parallax-section elementor-element elementor-element-af838d5 e-flex e-con-boxed e-con e-parent\" data-id=\"af838d5\" data-element_type=\"container\" data-e-type=\"container\" data-settings=\"{&quot;background_background&quot;:&quot;classic&quot;}\">\n\t\t\t\t\t<div class=\"e-con-inner\">\n\t\t\t\t<div class=\"elementor-element elementor-element-ae660c9 elementor-widget-divider--view-line_text elementor-widget-divider--element-align-left elementor-widget elementor-widget-divider\" data-id=\"ae660c9\" data-element_type=\"widget\" data-e-type=\"widget\" data-widget_type=\"divider.default\">\n\t\t\t\t<div class=\"elementor-widget-container\">\n\t\t\t\t\t\t\t<div class=\"elementor-divider\">\n\t\t\t<span class=\"elementor-divider-separator\">\n\t\t\t\t\t\t\t<span class=\"elementor-divider__text elementor-divider__element\">\n\t\t\t\tPRONTO PARA DAR O PR\u00d3XIMO PASSO?\t\t\t\t<\/span>\n\t\t\t\t\t\t<\/span>\n\t\t<\/div>\n\t\t\t\t\t\t<\/div>\n\t\t\t\t<\/div>\n\t\t\t\t<div class=\"elementor-element elementor-element-c1e8bf8 elementor-widget elementor-widget-text-editor\" data-id=\"c1e8bf8\" data-element_type=\"widget\" data-e-type=\"widget\" data-widget_type=\"text-editor.default\">\n\t\t\t\t<div class=\"elementor-widget-container\">\n\t\t\t\t\t\t\t\t\t<p>Descubra as oportunidades dispon\u00edveis e encontre o desafio certo para si.<\/p>\t\t\t\t\t\t\t\t<\/div>\n\t\t\t\t<\/div>\n\t\t\t\t\t<\/div>\n\t\t\t\t<\/div>\n\t\t<div class=\"aux-parallax-section elementor-element elementor-element-df90452 e-flex e-con-boxed e-con e-parent\" data-id=\"df90452\" data-element_type=\"container\" data-e-type=\"container\" data-settings=\"{&quot;background_background&quot;:&quot;classic&quot;}\">\n\t\t\t\t\t<div class=\"e-con-inner\">\n\t\t<div class=\"elementor-element elementor-element-a2af81e e-con-full e-flex e-con e-child\" data-id=\"a2af81e\" data-element_type=\"container\" data-e-type=\"container\">\n\t\t\t\t<div class=\"elementor-element elementor-element-c7b0a77 elementor-widget__width-inherit elementor-grid-3 elementor-grid-tablet-2 elementor-grid-mobile-1 elementor-widget elementor-widget-loop-grid\" data-id=\"c7b0a77\" data-element_type=\"widget\" data-e-type=\"widget\" data-settings=\"{&quot;template_id&quot;:&quot;3172&quot;,&quot;columns&quot;:3,&quot;pagination_type&quot;:&quot;load_more_infinite_scroll&quot;,&quot;row_gap_laptop&quot;:{&quot;unit&quot;:&quot;px&quot;,&quot;size&quot;:&quot;&quot;,&quot;sizes&quot;:[]},&quot;_skin&quot;:&quot;post&quot;,&quot;columns_tablet&quot;:&quot;2&quot;,&quot;columns_mobile&quot;:&quot;1&quot;,&quot;edit_handle_selector&quot;:&quot;[data-elementor-type=\\&quot;loop-item\\&quot;]&quot;,&quot;load_more_spinner&quot;:{&quot;value&quot;:&quot;fas fa-spinner&quot;,&quot;library&quot;:&quot;fa-solid&quot;},&quot;row_gap&quot;:{&quot;unit&quot;:&quot;px&quot;,&quot;size&quot;:&quot;&quot;,&quot;sizes&quot;:[]},&quot;row_gap_tablet&quot;:{&quot;unit&quot;:&quot;px&quot;,&quot;size&quot;:&quot;&quot;,&quot;sizes&quot;:[]},&quot;row_gap_mobile&quot;:{&quot;unit&quot;:&quot;px&quot;,&quot;size&quot;:&quot;&quot;,&quot;sizes&quot;:[]}}\" data-widget_type=\"loop-grid.post\">\n\t\t\t\t<div class=\"elementor-widget-container\">\n\t\t\t\t\t\t\t<div class=\"e-loop-nothing-found-message\">\n\t\t\t\t\t<div class=\"e-loop-nothing-found-message__text\">\n\t\t\t\tN\u00e3o existem vagas em aberto dispon\u00edveis neste momento. <br \/>\n<a href=\"https:\/\/molditindustries.com\/pt_pt\/candidatura-espontanea\">Envie-nos a sua candidatura espont\u00e2nea.<\/a>\t\t\t<\/div>\n\t\t\t<\/div>\n\t\t\t\t\t\t<\/div>\n\t\t\t\t<\/div>\n\t\t\t\t<\/div>\n\t\t\t\t\t<\/div>\n\t\t\t\t<\/div>\n\t\t<div class=\"aux-parallax-section elementor-element elementor-element-f7e2d5d e-flex e-con-boxed e-con e-parent\" data-id=\"f7e2d5d\" data-element_type=\"container\" data-e-type=\"container\" data-settings=\"{&quot;background_background&quot;:&quot;classic&quot;}\">\n\t\t\t\t\t<div class=\"e-con-inner\">\n\t\t\t\t<div class=\"elementor-element elementor-element-e292419 elementor-widget-divider--view-line_text elementor-widget-divider--element-align-center elementor-widget elementor-widget-divider\" data-id=\"e292419\" data-element_type=\"widget\" data-e-type=\"widget\" data-widget_type=\"divider.default\">\n\t\t\t\t<div class=\"elementor-widget-container\">\n\t\t\t\t\t\t\t<div class=\"elementor-divider\">\n\t\t\t<span class=\"elementor-divider-separator\">\n\t\t\t\t\t\t\t<span class=\"elementor-divider__text elementor-divider__element\">\n\t\t\t\tCANDIDATURA ESPONT\u00c2NEA\t\t\t\t<\/span>\n\t\t\t\t\t\t<\/span>\n\t\t<\/div>\n\t\t\t\t\t\t<\/div>\n\t\t\t\t<\/div>\n\t\t\t\t<div class=\"elementor-element elementor-element-59b49a9 elementor-widget elementor-widget-text-editor\" data-id=\"59b49a9\" data-element_type=\"widget\" data-e-type=\"widget\" data-widget_type=\"text-editor.default\">\n\t\t\t\t<div class=\"elementor-widget-container\">\n\t\t\t\t\t\t\t\t\t<p>N\u00e3o encontrou a oportunidade certa para si?<\/p>\t\t\t\t\t\t\t\t<\/div>\n\t\t\t\t<\/div>\n\t\t\t\t<div class=\"elementor-element elementor-element-ce92b6e elementor-widget elementor-widget-text-editor\" data-id=\"ce92b6e\" data-element_type=\"widget\" data-e-type=\"widget\" data-widget_type=\"text-editor.default\">\n\t\t\t\t<div class=\"elementor-widget-container\">\n\t\t\t\t\t\t\t\t\t<p>Na <strong>MOLDIT INDUSTRIES<\/strong>, estamos sempre \u00e0 procura de novos talentos que queiram crescer connosco e contribuir para o futuro da empresa.<\/p><p>Se acredita que pode fazer a diferen\u00e7a, partilhe o seu percurso connosco. Queremos conhec\u00ea-lo!<\/p>\t\t\t\t\t\t\t\t<\/div>\n\t\t\t\t<\/div>\n\t\t\t\t<div class=\"elementor-element elementor-element-422f71a elementor-align-center elementor-widget elementor-widget-button\" data-id=\"422f71a\" data-element_type=\"widget\" data-e-type=\"widget\" data-widget_type=\"button.default\">\n\t\t\t\t<div class=\"elementor-widget-container\">\n\t\t\t\t\t\t\t\t\t<div class=\"elementor-button-wrapper\">\n\t\t\t\t\t<a class=\"elementor-button elementor-button-link elementor-size-sm\" href=\"https:\/\/molditindustries.com\/pt_pt\/candidatura-espontanea\/\">\n\t\t\t\t\t\t<span class=\"elementor-button-content-wrapper\">\n\t\t\t\t\t\t\t\t\t<span class=\"elementor-button-text\">ENVIE-NOS A SUA CANDIDATURA<\/span>\n\t\t\t\t\t<\/span>\n\t\t\t\t\t<\/a>\n\t\t\t\t<\/div>\n\t\t\t\t\t\t\t\t<\/div>\n\t\t\t\t<\/div>\n\t\t\t\t\t<\/div>\n\t\t\t\t<\/div>\n\t\t<div class=\"aux-parallax-section elementor-element elementor-element-e8f074a e-con-full e-flex e-con e-parent\" data-id=\"e8f074a\" data-element_type=\"container\" data-e-type=\"container\">\n\t\t\t\t<div class=\"elementor-element elementor-element-7d2b6ed elementor-widget elementor-widget-image\" data-id=\"7d2b6ed\" data-element_type=\"widget\" data-e-type=\"widget\" data-widget_type=\"image.default\">\n\t\t\t\t<div class=\"elementor-widget-container\">\n\t\t\t\t\t\t\t\t\t\t\t\t\t\t\t<img fetchpriority=\"high\" decoding=\"async\" width=\"1920\" height=\"400\" src=\"https:\/\/molditindustries.com\/wp-content\/uploads\/2025\/12\/MDI_202512_Img_Inferior_Negocio.jpg\" class=\"attachment-full size-full wp-image-3141\" alt=\"\" srcset=\"https:\/\/molditindustries.com\/wp-content\/uploads\/2025\/12\/MDI_202512_Img_Inferior_Negocio.jpg 1920w, https:\/\/molditindustries.com\/wp-content\/uploads\/2025\/12\/MDI_202512_Img_Inferior_Negocio-1536x320.jpg 1536w, https:\/\/molditindustries.com\/wp-content\/uploads\/2025\/12\/MDI_202512_Img_Inferior_Negocio-18x4.jpg 18w\" sizes=\"(max-width: 1920px) 100vw, 1920px\" \/>\t\t\t\t\t\t\t\t\t\t\t\t\t\t\t<\/div>\n\t\t\t\t<\/div>\n\t\t\t\t<\/div>\n\t\t\t\t<\/div>\n\t\t","protected":false},"excerpt":{"rendered":"<p>A sua pr\u00f3xima aventura profissional come\u00e7a aqui Junte-se \u00e0 equipa MOLDIT INDUSTRIES e cres\u00e7a connosco. Na MOLDIT INDUSTRIES, acreditamos que o sucesso nasce das pessoas. Valorizamos o talento, o compromisso e o esp\u00edrito de equipa, promovendo um ambiente onde cada colaborador pode evoluir e fazer a diferen\u00e7a. Se quer crescer profissionalmente e fazer parte de [&hellip;]<\/p>\n","protected":false},"author":1,"featured_media":0,"parent":0,"menu_order":0,"comment_status":"closed","ping_status":"closed","template":"elementor_header_footer","meta":{"_acf_changed":false,"footnotes":""},"class_list":["post-32","page","type-page","status-publish","hentry"],"acf":[],"yoast_head":"<!-- This site is optimized with the Yoast SEO plugin v27.0 - https:\/\/yoast.com\/product\/yoast-seo-wordpress\/ -->\n<title>Carreiras - MOLDIT Industries<\/title>\n<meta name=\"robots\" content=\"index, follow, max-snippet:-1, max-image-preview:large, max-video-preview:-1\" \/>\n<link rel=\"canonical\" href=\"https:\/\/molditindustries.com\/es\/carreiras\/\" \/>\n<meta property=\"og:locale\" content=\"es_ES\" \/>\n<meta property=\"og:type\" content=\"article\" \/>\n<meta property=\"og:title\" content=\"Carreiras - MOLDIT Industries\" \/>\n<meta property=\"og:description\" content=\"A sua pr\u00f3xima aventura profissional come\u00e7a aqui Junte-se \u00e0 equipa MOLDIT INDUSTRIES e cres\u00e7a connosco. Na MOLDIT INDUSTRIES, acreditamos que o sucesso nasce das pessoas. Valorizamos o talento, o compromisso e o esp\u00edrito de equipa, promovendo um ambiente onde cada colaborador pode evoluir e fazer a diferen\u00e7a. Se quer crescer profissionalmente e fazer parte de [&hellip;]\" \/>\n<meta property=\"og:url\" content=\"https:\/\/molditindustries.com\/es\/carreiras\/\" \/>\n<meta property=\"og:site_name\" content=\"MOLDIT Industries\" \/>\n<meta property=\"article:modified_time\" content=\"2026-01-21T17:28:02+00:00\" \/>\n<meta property=\"og:image\" content=\"https:\/\/molditindustries.com\/wp-content\/uploads\/2025\/12\/MDI_202512_Img_Inferior_Negocio.jpg\" \/>\n<meta name=\"twitter:card\" content=\"summary_large_image\" \/>\n<meta name=\"twitter:label1\" content=\"Tiempo de lectura\" \/>\n\t<meta name=\"twitter:data1\" content=\"1 minuto\" \/>\n<script type=\"application\/ld+json\" class=\"yoast-schema-graph\">{\"@context\":\"https:\/\/schema.org\",\"@graph\":[{\"@type\":\"WebPage\",\"@id\":\"https:\/\/molditindustries.com\/carreiras\/\",\"url\":\"https:\/\/molditindustries.com\/carreiras\/\",\"name\":\"Carreiras - MOLDIT Industries\",\"isPartOf\":{\"@id\":\"https:\/\/molditindustries.com\/pt_pt\/#website\"},\"primaryImageOfPage\":{\"@id\":\"https:\/\/molditindustries.com\/carreiras\/#primaryimage\"},\"image\":{\"@id\":\"https:\/\/molditindustries.com\/carreiras\/#primaryimage\"},\"thumbnailUrl\":\"https:\/\/molditindustries.com\/wp-content\/uploads\/2025\/12\/MDI_202512_Img_Inferior_Negocio.jpg\",\"datePublished\":\"2024-08-16T08:36:47+00:00\",\"dateModified\":\"2026-01-21T17:28:02+00:00\",\"breadcrumb\":{\"@id\":\"https:\/\/molditindustries.com\/carreiras\/#breadcrumb\"},\"inLanguage\":\"es\",\"potentialAction\":[{\"@type\":\"ReadAction\",\"target\":[\"https:\/\/molditindustries.com\/carreiras\/\"]}]},{\"@type\":\"ImageObject\",\"inLanguage\":\"es\",\"@id\":\"https:\/\/molditindustries.com\/carreiras\/#primaryimage\",\"url\":\"https:\/\/molditindustries.com\/wp-content\/uploads\/2025\/12\/MDI_202512_Img_Inferior_Negocio.jpg\",\"contentUrl\":\"https:\/\/molditindustries.com\/wp-content\/uploads\/2025\/12\/MDI_202512_Img_Inferior_Negocio.jpg\"},{\"@type\":\"BreadcrumbList\",\"@id\":\"https:\/\/molditindustries.com\/carreiras\/#breadcrumb\",\"itemListElement\":[{\"@type\":\"ListItem\",\"position\":1,\"name\":\"In\u00edcio\",\"item\":\"https:\/\/molditindustries.com\/pt_pt\/\"},{\"@type\":\"ListItem\",\"position\":2,\"name\":\"Carreiras\"}]},{\"@type\":\"WebSite\",\"@id\":\"https:\/\/molditindustries.com\/pt_pt\/#website\",\"url\":\"https:\/\/molditindustries.com\/pt_pt\/\",\"name\":\"MOLDIT Industries\",\"description\":\"\",\"potentialAction\":[{\"@type\":\"SearchAction\",\"target\":{\"@type\":\"EntryPoint\",\"urlTemplate\":\"https:\/\/molditindustries.com\/pt_pt\/?s={search_term_string}\"},\"query-input\":{\"@type\":\"PropertyValueSpecification\",\"valueRequired\":true,\"valueName\":\"search_term_string\"}}],\"inLanguage\":\"es\"}]}<\/script>\n<!-- \/ Yoast SEO plugin. -->","yoast_head_json":{"title":"Carreiras - MOLDIT Industries","robots":{"index":"index","follow":"follow","max-snippet":"max-snippet:-1","max-image-preview":"max-image-preview:large","max-video-preview":"max-video-preview:-1"},"canonical":"https:\/\/molditindustries.com\/es\/carreiras\/","og_locale":"es_ES","og_type":"article","og_title":"Carreiras - MOLDIT Industries","og_description":"A sua pr\u00f3xima aventura profissional come\u00e7a aqui Junte-se \u00e0 equipa MOLDIT INDUSTRIES e cres\u00e7a connosco. Na MOLDIT INDUSTRIES, acreditamos que o sucesso nasce das pessoas. Valorizamos o talento, o compromisso e o esp\u00edrito de equipa, promovendo um ambiente onde cada colaborador pode evoluir e fazer a diferen\u00e7a. Se quer crescer profissionalmente e fazer parte de [&hellip;]","og_url":"https:\/\/molditindustries.com\/es\/carreiras\/","og_site_name":"MOLDIT Industries","article_modified_time":"2026-01-21T17:28:02+00:00","og_image":[{"url":"https:\/\/molditindustries.com\/wp-content\/uploads\/2025\/12\/MDI_202512_Img_Inferior_Negocio.jpg","type":"","width":"","height":""}],"twitter_card":"summary_large_image","twitter_misc":{"Tiempo de lectura":"1 minuto"},"schema":{"@context":"https:\/\/schema.org","@graph":[{"@type":"WebPage","@id":"https:\/\/molditindustries.com\/carreiras\/","url":"https:\/\/molditindustries.com\/carreiras\/","name":"Carreiras - MOLDIT Industries","isPartOf":{"@id":"https:\/\/molditindustries.com\/pt_pt\/#website"},"primaryImageOfPage":{"@id":"https:\/\/molditindustries.com\/carreiras\/#primaryimage"},"image":{"@id":"https:\/\/molditindustries.com\/carreiras\/#primaryimage"},"thumbnailUrl":"https:\/\/molditindustries.com\/wp-content\/uploads\/2025\/12\/MDI_202512_Img_Inferior_Negocio.jpg","datePublished":"2024-08-16T08:36:47+00:00","dateModified":"2026-01-21T17:28:02+00:00","breadcrumb":{"@id":"https:\/\/molditindustries.com\/carreiras\/#breadcrumb"},"inLanguage":"es","potentialAction":[{"@type":"ReadAction","target":["https:\/\/molditindustries.com\/carreiras\/"]}]},{"@type":"ImageObject","inLanguage":"es","@id":"https:\/\/molditindustries.com\/carreiras\/#primaryimage","url":"https:\/\/molditindustries.com\/wp-content\/uploads\/2025\/12\/MDI_202512_Img_Inferior_Negocio.jpg","contentUrl":"https:\/\/molditindustries.com\/wp-content\/uploads\/2025\/12\/MDI_202512_Img_Inferior_Negocio.jpg"},{"@type":"BreadcrumbList","@id":"https:\/\/molditindustries.com\/carreiras\/#breadcrumb","itemListElement":[{"@type":"ListItem","position":1,"name":"In\u00edcio","item":"https:\/\/molditindustries.com\/pt_pt\/"},{"@type":"ListItem","position":2,"name":"Carreiras"}]},{"@type":"WebSite","@id":"https:\/\/molditindustries.com\/pt_pt\/#website","url":"https:\/\/molditindustries.com\/pt_pt\/","name":"MOLDIT Industries","description":"","potentialAction":[{"@type":"SearchAction","target":{"@type":"EntryPoint","urlTemplate":"https:\/\/molditindustries.com\/pt_pt\/?s={search_term_string}"},"query-input":{"@type":"PropertyValueSpecification","valueRequired":true,"valueName":"search_term_string"}}],"inLanguage":"es"}]}},"_links":{"self":[{"href":"https:\/\/molditindustries.com\/es\/wp-json\/wp\/v2\/pages\/32","targetHints":{"allow":["GET"]}}],"collection":[{"href":"https:\/\/molditindustries.com\/es\/wp-json\/wp\/v2\/pages"}],"about":[{"href":"https:\/\/molditindustries.com\/es\/wp-json\/wp\/v2\/types\/page"}],"author":[{"embeddable":true,"href":"https:\/\/molditindustries.com\/es\/wp-json\/wp\/v2\/users\/1"}],"replies":[{"embeddable":true,"href":"https:\/\/molditindustries.com\/es\/wp-json\/wp\/v2\/comments?post=32"}],"version-history":[{"count":273,"href":"https:\/\/molditindustries.com\/es\/wp-json\/wp\/v2\/pages\/32\/revisions"}],"predecessor-version":[{"id":3197,"href":"https:\/\/molditindustries.com\/es\/wp-json\/wp\/v2\/pages\/32\/revisions\/3197"}],"wp:attachment":[{"href":"https:\/\/molditindustries.com\/es\/wp-json\/wp\/v2\/media?parent=32"}],"curies":[{"name":"wp","href":"https:\/\/api.w.org\/{rel}","templated":true}]}}