{"id":30,"date":"2024-08-16T08:33:34","date_gmt":"2024-08-16T08:33:34","guid":{"rendered":"https:\/\/molditnovo.empty.pt\/?page_id=30"},"modified":"2024-09-23T11:03:36","modified_gmt":"2024-09-23T11:03:36","slug":"noticias","status":"publish","type":"page","link":"https:\/\/molditindustries.com\/fr\/noticias\/","title":{"rendered":"Nouvelles"},"content":{"rendered":"\t\t<div data-elementor-type=\"wp-page\" data-elementor-id=\"30\" class=\"elementor elementor-30\" data-elementor-post-type=\"page\">\n\t\t\t\t\t\t<section class=\"elementor-section elementor-top-section elementor-element elementor-element-d1b07e4 elementor-section-boxed elementor-section-height-default elementor-section-height-default\" data-id=\"d1b07e4\" data-element_type=\"section\" data-e-type=\"section\">\n\t\t\t\t\t\t<div class=\"elementor-container elementor-column-gap-default\">\n\t\t\t\t\t<div class=\"aux-parallax-section elementor-column elementor-col-100 elementor-top-column elementor-element elementor-element-47816cb\" data-id=\"47816cb\" data-element_type=\"column\" data-e-type=\"column\">\n\t\t\t<div class=\"elementor-widget-wrap elementor-element-populated\">\n\t\t\t\t\t\t<div class=\"elementor-element elementor-element-8578462 elementor-widget elementor-widget-heading\" data-id=\"8578462\" data-element_type=\"widget\" data-e-type=\"widget\" data-widget_type=\"heading.default\">\n\t\t\t\t<div class=\"elementor-widget-container\">\n\t\t\t\t\t<h1 class=\"elementor-heading-title elementor-size-default\">NOT\u00cdCIAS<\/h1>\t\t\t\t<\/div>\n\t\t\t\t<\/div>\n\t\t\t\t<div class=\"elementor-element elementor-element-9cbca2b elementor-widget-divider--view-line elementor-widget elementor-widget-divider\" data-id=\"9cbca2b\" data-element_type=\"widget\" data-e-type=\"widget\" data-widget_type=\"divider.default\">\n\t\t\t\t<div class=\"elementor-widget-container\">\n\t\t\t\t\t\t\t<div class=\"elementor-divider\">\n\t\t\t<span class=\"elementor-divider-separator\">\n\t\t\t\t\t\t<\/span>\n\t\t<\/div>\n\t\t\t\t\t\t<\/div>\n\t\t\t\t<\/div>\n\t\t\t\t\t<\/div>\n\t\t<\/div>\n\t\t\t\t\t<\/div>\n\t\t<\/section>\n\t\t\t\t<section class=\"elementor-section elementor-top-section elementor-element elementor-element-287c83b elementor-section-boxed elementor-section-height-default elementor-section-height-default\" data-id=\"287c83b\" data-element_type=\"section\" data-e-type=\"section\">\n\t\t\t\t\t\t<div class=\"elementor-container elementor-column-gap-extended\">\n\t\t\t\t\t<div class=\"aux-parallax-section elementor-column elementor-col-100 elementor-top-column elementor-element elementor-element-209a18d\" data-id=\"209a18d\" data-element_type=\"column\" data-e-type=\"column\">\n\t\t\t<div class=\"elementor-widget-wrap elementor-element-populated\">\n\t\t\t\t\t\t<div class=\"elementor-element elementor-element-59ecfd6 elementor-grid-1 elementor-grid-tablet-2 elementor-grid-mobile-1 elementor-widget elementor-widget-loop-grid\" data-id=\"59ecfd6\" data-element_type=\"widget\" data-e-type=\"widget\" data-settings=\"{&quot;template_id&quot;:&quot;2369&quot;,&quot;columns&quot;:1,&quot;row_gap&quot;:{&quot;unit&quot;:&quot;px&quot;,&quot;size&quot;:60,&quot;sizes&quot;:[]},&quot;_skin&quot;:&quot;post&quot;,&quot;columns_tablet&quot;:&quot;2&quot;,&quot;columns_mobile&quot;:&quot;1&quot;,&quot;edit_handle_selector&quot;:&quot;[data-elementor-type=\\&quot;loop-item\\&quot;]&quot;,&quot;row_gap_laptop&quot;:{&quot;unit&quot;:&quot;px&quot;,&quot;size&quot;:&quot;&quot;,&quot;sizes&quot;:[]},&quot;row_gap_tablet&quot;:{&quot;unit&quot;:&quot;px&quot;,&quot;size&quot;:&quot;&quot;,&quot;sizes&quot;:[]},&quot;row_gap_mobile&quot;:{&quot;unit&quot;:&quot;px&quot;,&quot;size&quot;:&quot;&quot;,&quot;sizes&quot;:[]}}\" data-widget_type=\"loop-grid.post\">\n\t\t\t\t<div class=\"elementor-widget-container\">\n\t\t\t\t\t\t\t<div class=\"elementor-loop-container elementor-grid\" role=\"list\">\n\t\t<style id=\"loop-2369\">.elementor-2369 .elementor-element.elementor-element-6b4635c > .elementor-element-populated{margin:0px 0px 0px 0px;--e-column-margin-right:0px;--e-column-margin-left:0px;padding:0px 0px 0px 0px;}.elementor-2369 .elementor-element.elementor-element-7a32efd{text-align:start;}.elementor-2369 .elementor-element.elementor-element-7a32efd img{width:90%;height:290px;object-fit:cover;object-position:center center;}.elementor-bc-flex-widget .elementor-2369 .elementor-element.elementor-element-e6fce0c.elementor-column .elementor-widget-wrap{align-items:flex-start;}.elementor-2369 .elementor-element.elementor-element-e6fce0c.elementor-column.elementor-element[data-element_type=\"column\"] > .elementor-widget-wrap.elementor-element-populated{align-content:flex-start;align-items:flex-start;}.elementor-2369 .elementor-element.elementor-element-7dfe227{text-align:start;}.elementor-2369 .elementor-element.elementor-element-7dfe227 .elementor-heading-title{font-family:\"NeoSans Pro Regular\", Sans-serif;font-size:18px;color:#000000;}.elementor-2369 .elementor-element.elementor-element-f98a68b .elementor-icon-list-icon{width:14px;}.elementor-2369 .elementor-element.elementor-element-f98a68b .elementor-icon-list-icon i{font-size:14px;}.elementor-2369 .elementor-element.elementor-element-f98a68b .elementor-icon-list-icon svg{--e-icon-list-icon-size:14px;}.elementor-2369 .elementor-element.elementor-element-f98a68b .elementor-icon-list-text, .elementor-2369 .elementor-element.elementor-element-f98a68b .elementor-icon-list-text a{color:#7D7D7D;}.elementor-2369 .elementor-element.elementor-element-f98a68b .elementor-icon-list-item{font-family:\"NeoSans Pro Regular\", Sans-serif;font-size:12px;font-weight:500;}.elementor-2369 .elementor-element.elementor-element-2209ff3 .elementor-widget-container{text-align:start;color:#000000;}.elementor-2369 .elementor-element.elementor-element-f035cd3 .elementor-button{font-size:14px;font-weight:700;fill:#9E9E9E;color:#9E9E9E;background-color:#FFFFFF;border-style:solid;border-width:1px 1px 1px 1px;border-color:#B1B1B1;border-radius:0px 0px 0px 0px;padding:5px 15px 5px 15px;}.elementor-2369 .elementor-element.elementor-element-f035cd3 > .elementor-widget-container{margin:0px 0px 0px 0px;}body:not(.rtl) .elementor-2369 .elementor-element.elementor-element-f035cd3{left:10px;}body.rtl .elementor-2369 .elementor-element.elementor-element-f035cd3{right:10px;}.elementor-2369 .elementor-element.elementor-element-f035cd3{top:200px;}@media(max-width:767px){.elementor-2369 .elementor-element.elementor-element-f035cd3{top:210px;}}<\/style>\t\t<div data-elementor-type=\"loop-item\" data-elementor-id=\"2369\" class=\"elementor elementor-2369 e-loop-item e-loop-item-619 post-619 post type-post status-publish format-standard has-post-thumbnail hentry category-noticias\" data-elementor-post-type=\"elementor_library\" data-custom-edit-handle=\"1\">\n\t\t\t\t\t<section class=\"elementor-section elementor-top-section elementor-element elementor-element-3e301a8 elementor-section-boxed elementor-section-height-default elementor-section-height-default\" data-id=\"3e301a8\" data-element_type=\"section\" data-e-type=\"section\">\n\t\t\t\t\t\t<div class=\"elementor-container elementor-column-gap-default\">\n\t\t\t\t\t<div class=\"aux-parallax-section elementor-column elementor-col-50 elementor-top-column elementor-element elementor-element-6b4635c\" data-id=\"6b4635c\" data-element_type=\"column\" data-e-type=\"column\">\n\t\t\t<div class=\"elementor-widget-wrap elementor-element-populated\">\n\t\t\t\t\t\t<div class=\"elementor-element elementor-element-7a32efd elementor-widget elementor-widget-image\" data-id=\"7a32efd\" data-element_type=\"widget\" data-e-type=\"widget\" data-widget_type=\"image.default\">\n\t\t\t\t<div class=\"elementor-widget-container\">\n\t\t\t\t\t\t\t\t\t\t\t\t\t\t\t<img fetchpriority=\"high\" decoding=\"async\" width=\"2560\" height=\"1707\" src=\"https:\/\/molditindustries.com\/wp-content\/uploads\/2024\/08\/Laser_3-scaled-1.jpg\" class=\"attachment-full size-full wp-image-620\" alt=\"\" srcset=\"https:\/\/molditindustries.com\/wp-content\/uploads\/2024\/08\/Laser_3-scaled-1.jpg 2560w, https:\/\/molditindustries.com\/wp-content\/uploads\/2024\/08\/Laser_3-scaled-1-1536x1024.jpg 1536w, https:\/\/molditindustries.com\/wp-content\/uploads\/2024\/08\/Laser_3-scaled-1-2048x1366.jpg 2048w\" sizes=\"(max-width: 2560px) 100vw, 2560px\" \/>\t\t\t\t\t\t\t\t\t\t\t\t\t\t\t<\/div>\n\t\t\t\t<\/div>\n\t\t\t\t\t<\/div>\n\t\t<\/div>\n\t\t\t\t<div class=\"aux-parallax-section elementor-column elementor-col-50 elementor-top-column elementor-element elementor-element-e6fce0c\" data-id=\"e6fce0c\" data-element_type=\"column\" data-e-type=\"column\">\n\t\t\t<div class=\"elementor-widget-wrap elementor-element-populated\">\n\t\t\t\t\t\t<div class=\"elementor-element elementor-element-7dfe227 elementor-widget elementor-widget-theme-post-title elementor-page-title elementor-widget-heading\" data-id=\"7dfe227\" data-element_type=\"widget\" data-e-type=\"widget\" data-widget_type=\"theme-post-title.default\">\n\t\t\t\t<div class=\"elementor-widget-container\">\n\t\t\t\t\t<h1 class=\"elementor-heading-title elementor-size-default\">Calibra\u00e7\u00e3o de m\u00e1quinas por Laser<\/h1>\t\t\t\t<\/div>\n\t\t\t\t<\/div>\n\t\t\t\t<div class=\"elementor-element elementor-element-f98a68b elementor-widget elementor-widget-post-info\" data-id=\"f98a68b\" data-element_type=\"widget\" data-e-type=\"widget\" data-widget_type=\"post-info.default\">\n\t\t\t\t<div class=\"elementor-widget-container\">\n\t\t\t\t\t\t\t<ul class=\"elementor-inline-items elementor-icon-list-items elementor-post-info\">\n\t\t\t\t\t\t\t\t<li class=\"elementor-icon-list-item elementor-repeater-item-d7f202d elementor-inline-item\" itemprop=\"datePublished\">\n\t\t\t\t\t\t\t\t\t\t\t\t\t<span class=\"elementor-icon-list-text elementor-post-info__item elementor-post-info__item--type-date\">\n\t\t\t\t\t\t\t\t\t\t<time>2022<\/time>\t\t\t\t\t<\/span>\n\t\t\t\t\t\t\t\t<\/li>\n\t\t\t\t<\/ul>\n\t\t\t\t\t\t<\/div>\n\t\t\t\t<\/div>\n\t\t\t\t<div class=\"elementor-element elementor-element-2209ff3 elementor-widget elementor-widget-theme-post-excerpt\" data-id=\"2209ff3\" data-element_type=\"widget\" data-e-type=\"widget\" data-widget_type=\"theme-post-excerpt.default\">\n\t\t\t\t<div class=\"elementor-widget-container\">\n\t\t\t\t\tPrecis\u00e3o e desempenho m\u00e1ximo s\u00e3o as chaves para o sucesso competitivo no ambiente de fabrico de Moldes nos dias de hoje. Os nossos clientes pedem...\t\t\t\t<\/div>\n\t\t\t\t<\/div>\n\t\t\t\t<div class=\"elementor-element elementor-element-f035cd3 elementor-absolute elementor-widget elementor-widget-button\" data-id=\"f035cd3\" data-element_type=\"widget\" data-e-type=\"widget\" data-settings=\"{&quot;_position&quot;:&quot;absolute&quot;}\" data-widget_type=\"button.default\">\n\t\t\t\t<div class=\"elementor-widget-container\">\n\t\t\t\t\t\t\t\t\t<div class=\"elementor-button-wrapper\">\n\t\t\t\t\t<a class=\"elementor-button elementor-button-link elementor-size-sm\" href=\"https:\/\/molditindustries.com\/fr\/calibracao-de-maquinas-por-laser\/\">\n\t\t\t\t\t\t<span class=\"elementor-button-content-wrapper\">\n\t\t\t\t\t\t\t\t\t<span class=\"elementor-button-text\">Ler mais...<\/span>\n\t\t\t\t\t<\/span>\n\t\t\t\t\t<\/a>\n\t\t\t\t<\/div>\n\t\t\t\t\t\t\t\t<\/div>\n\t\t\t\t<\/div>\n\t\t\t\t\t<\/div>\n\t\t<\/div>\n\t\t\t\t\t<\/div>\n\t\t<\/section>\n\t\t\t\t<\/div>\n\t\t\t\t<div data-elementor-type=\"loop-item\" data-elementor-id=\"2369\" class=\"elementor elementor-2369 e-loop-item e-loop-item-647 post-647 post type-post status-publish format-standard has-post-thumbnail hentry category-noticias\" data-elementor-post-type=\"elementor_library\" data-custom-edit-handle=\"1\">\n\t\t\t\t\t<section class=\"elementor-section elementor-top-section elementor-element elementor-element-3e301a8 elementor-section-boxed elementor-section-height-default elementor-section-height-default\" data-id=\"3e301a8\" data-element_type=\"section\" data-e-type=\"section\">\n\t\t\t\t\t\t<div class=\"elementor-container elementor-column-gap-default\">\n\t\t\t\t\t<div class=\"aux-parallax-section elementor-column elementor-col-50 elementor-top-column elementor-element elementor-element-6b4635c\" data-id=\"6b4635c\" data-element_type=\"column\" data-e-type=\"column\">\n\t\t\t<div class=\"elementor-widget-wrap elementor-element-populated\">\n\t\t\t\t\t\t<div class=\"elementor-element elementor-element-7a32efd elementor-widget elementor-widget-image\" data-id=\"7a32efd\" data-element_type=\"widget\" data-e-type=\"widget\" data-widget_type=\"image.default\">\n\t\t\t\t<div class=\"elementor-widget-container\">\n\t\t\t\t\t\t\t\t\t\t\t\t\t\t\t<img decoding=\"async\" width=\"1554\" height=\"2560\" src=\"https:\/\/molditindustries.com\/wp-content\/uploads\/2024\/08\/Ultrasom_1-scaled-1.jpg\" class=\"attachment-full size-full wp-image-648\" alt=\"\" srcset=\"https:\/\/molditindustries.com\/wp-content\/uploads\/2024\/08\/Ultrasom_1-scaled-1.jpg 1554w, https:\/\/molditindustries.com\/wp-content\/uploads\/2024\/08\/Ultrasom_1-scaled-1-932x1536.jpg 932w, https:\/\/molditindustries.com\/wp-content\/uploads\/2024\/08\/Ultrasom_1-scaled-1-1243x2048.jpg 1243w\" sizes=\"(max-width: 1554px) 100vw, 1554px\" \/>\t\t\t\t\t\t\t\t\t\t\t\t\t\t\t<\/div>\n\t\t\t\t<\/div>\n\t\t\t\t\t<\/div>\n\t\t<\/div>\n\t\t\t\t<div class=\"aux-parallax-section elementor-column elementor-col-50 elementor-top-column elementor-element elementor-element-e6fce0c\" data-id=\"e6fce0c\" data-element_type=\"column\" data-e-type=\"column\">\n\t\t\t<div class=\"elementor-widget-wrap elementor-element-populated\">\n\t\t\t\t\t\t<div class=\"elementor-element elementor-element-7dfe227 elementor-widget elementor-widget-theme-post-title elementor-page-title elementor-widget-heading\" data-id=\"7dfe227\" data-element_type=\"widget\" data-e-type=\"widget\" data-widget_type=\"theme-post-title.default\">\n\t\t\t\t<div class=\"elementor-widget-container\">\n\t\t\t\t\t<h1 class=\"elementor-heading-title elementor-size-default\">Teste aos Sistemas de Ar Comprimido<\/h1>\t\t\t\t<\/div>\n\t\t\t\t<\/div>\n\t\t\t\t<div class=\"elementor-element elementor-element-f98a68b elementor-widget elementor-widget-post-info\" data-id=\"f98a68b\" data-element_type=\"widget\" data-e-type=\"widget\" data-widget_type=\"post-info.default\">\n\t\t\t\t<div class=\"elementor-widget-container\">\n\t\t\t\t\t\t\t<ul class=\"elementor-inline-items elementor-icon-list-items elementor-post-info\">\n\t\t\t\t\t\t\t\t<li class=\"elementor-icon-list-item elementor-repeater-item-d7f202d elementor-inline-item\" itemprop=\"datePublished\">\n\t\t\t\t\t\t\t\t\t\t\t\t\t<span class=\"elementor-icon-list-text elementor-post-info__item elementor-post-info__item--type-date\">\n\t\t\t\t\t\t\t\t\t\t<time>2022<\/time>\t\t\t\t\t<\/span>\n\t\t\t\t\t\t\t\t<\/li>\n\t\t\t\t<\/ul>\n\t\t\t\t\t\t<\/div>\n\t\t\t\t<\/div>\n\t\t\t\t<div class=\"elementor-element elementor-element-2209ff3 elementor-widget elementor-widget-theme-post-excerpt\" data-id=\"2209ff3\" data-element_type=\"widget\" data-e-type=\"widget\" data-widget_type=\"theme-post-excerpt.default\">\n\t\t\t\t<div class=\"elementor-widget-container\">\n\t\t\t\t\tA MOLDIT Industries \u00e9 uma empresa especializada na produ\u00e7\u00e3o de moldes e produ\u00e7\u00e3o de pe\u00e7as pl\u00e1sticas por inje\u00e7\u00e3o e compress\u00e3o. Assim, no seu processo produtivo incorpora...\t\t\t\t<\/div>\n\t\t\t\t<\/div>\n\t\t\t\t<div class=\"elementor-element elementor-element-f035cd3 elementor-absolute elementor-widget elementor-widget-button\" data-id=\"f035cd3\" data-element_type=\"widget\" data-e-type=\"widget\" data-settings=\"{&quot;_position&quot;:&quot;absolute&quot;}\" data-widget_type=\"button.default\">\n\t\t\t\t<div class=\"elementor-widget-container\">\n\t\t\t\t\t\t\t\t\t<div class=\"elementor-button-wrapper\">\n\t\t\t\t\t<a class=\"elementor-button elementor-button-link elementor-size-sm\" href=\"https:\/\/molditindustries.com\/fr\/teste-aos-sistemas-de-ar-comprimido\/\">\n\t\t\t\t\t\t<span class=\"elementor-button-content-wrapper\">\n\t\t\t\t\t\t\t\t\t<span class=\"elementor-button-text\">Ler mais...<\/span>\n\t\t\t\t\t<\/span>\n\t\t\t\t\t<\/a>\n\t\t\t\t<\/div>\n\t\t\t\t\t\t\t\t<\/div>\n\t\t\t\t<\/div>\n\t\t\t\t\t<\/div>\n\t\t<\/div>\n\t\t\t\t\t<\/div>\n\t\t<\/section>\n\t\t\t\t<\/div>\n\t\t\t\t<\/div>\n\t\t\n\t\t\t\t\t\t<\/div>\n\t\t\t\t<\/div>\n\t\t\t\t\t<\/div>\n\t\t<\/div>\n\t\t\t\t\t<\/div>\n\t\t<\/section>\n\t\t\t\t<\/div>\n\t\t","protected":false},"excerpt":{"rendered":"<p>NOUVELLES<\/p>","protected":false},"author":1,"featured_media":0,"parent":0,"menu_order":0,"comment_status":"closed","ping_status":"closed","template":"elementor_header_footer","meta":{"_acf_changed":false,"footnotes":""},"class_list":["post-30","page","type-page","status-publish","hentry"],"acf":[],"yoast_head":"<!-- This site is optimized with the Yoast SEO plugin v27.0 - https:\/\/yoast.com\/product\/yoast-seo-wordpress\/ -->\n<title>Not\u00edcias - MOLDIT Industries<\/title>\n<meta name=\"robots\" content=\"index, follow, max-snippet:-1, max-image-preview:large, max-video-preview:-1\" \/>\n<link rel=\"canonical\" href=\"https:\/\/molditindustries.com\/fr\/noticias\/\" \/>\n<meta property=\"og:locale\" content=\"fr_FR\" \/>\n<meta property=\"og:type\" content=\"article\" \/>\n<meta property=\"og:title\" content=\"Not\u00edcias - MOLDIT Industries\" \/>\n<meta property=\"og:description\" content=\"NOT\u00cdCIAS\" \/>\n<meta property=\"og:url\" content=\"https:\/\/molditindustries.com\/fr\/noticias\/\" \/>\n<meta property=\"og:site_name\" content=\"MOLDIT Industries\" \/>\n<meta property=\"article:modified_time\" content=\"2024-09-23T11:03:36+00:00\" \/>\n<meta name=\"twitter:card\" content=\"summary_large_image\" \/>\n<script type=\"application\/ld+json\" class=\"yoast-schema-graph\">{\"@context\":\"https:\/\/schema.org\",\"@graph\":[{\"@type\":\"WebPage\",\"@id\":\"https:\/\/molditindustries.com\/noticias\/\",\"url\":\"https:\/\/molditindustries.com\/noticias\/\",\"name\":\"Not\u00edcias - MOLDIT Industries\",\"isPartOf\":{\"@id\":\"https:\/\/molditindustries.com\/pt_pt\/#website\"},\"datePublished\":\"2024-08-16T08:33:34+00:00\",\"dateModified\":\"2024-09-23T11:03:36+00:00\",\"breadcrumb\":{\"@id\":\"https:\/\/molditindustries.com\/noticias\/#breadcrumb\"},\"inLanguage\":\"fr-FR\",\"potentialAction\":[{\"@type\":\"ReadAction\",\"target\":[\"https:\/\/molditindustries.com\/noticias\/\"]}]},{\"@type\":\"BreadcrumbList\",\"@id\":\"https:\/\/molditindustries.com\/noticias\/#breadcrumb\",\"itemListElement\":[{\"@type\":\"ListItem\",\"position\":1,\"name\":\"In\u00edcio\",\"item\":\"https:\/\/molditindustries.com\/pt_pt\/\"},{\"@type\":\"ListItem\",\"position\":2,\"name\":\"Not\u00edcias\"}]},{\"@type\":\"WebSite\",\"@id\":\"https:\/\/molditindustries.com\/pt_pt\/#website\",\"url\":\"https:\/\/molditindustries.com\/pt_pt\/\",\"name\":\"MOLDIT Industries\",\"description\":\"\",\"potentialAction\":[{\"@type\":\"SearchAction\",\"target\":{\"@type\":\"EntryPoint\",\"urlTemplate\":\"https:\/\/molditindustries.com\/pt_pt\/?s={search_term_string}\"},\"query-input\":{\"@type\":\"PropertyValueSpecification\",\"valueRequired\":true,\"valueName\":\"search_term_string\"}}],\"inLanguage\":\"fr-FR\"}]}<\/script>\n<!-- \/ Yoast SEO plugin. -->","yoast_head_json":{"title":"Not\u00edcias - MOLDIT Industries","robots":{"index":"index","follow":"follow","max-snippet":"max-snippet:-1","max-image-preview":"max-image-preview:large","max-video-preview":"max-video-preview:-1"},"canonical":"https:\/\/molditindustries.com\/fr\/noticias\/","og_locale":"fr_FR","og_type":"article","og_title":"Not\u00edcias - MOLDIT Industries","og_description":"NOT\u00cdCIAS","og_url":"https:\/\/molditindustries.com\/fr\/noticias\/","og_site_name":"MOLDIT Industries","article_modified_time":"2024-09-23T11:03:36+00:00","twitter_card":"summary_large_image","schema":{"@context":"https:\/\/schema.org","@graph":[{"@type":"WebPage","@id":"https:\/\/molditindustries.com\/noticias\/","url":"https:\/\/molditindustries.com\/noticias\/","name":"Not\u00edcias - MOLDIT Industries","isPartOf":{"@id":"https:\/\/molditindustries.com\/pt_pt\/#website"},"datePublished":"2024-08-16T08:33:34+00:00","dateModified":"2024-09-23T11:03:36+00:00","breadcrumb":{"@id":"https:\/\/molditindustries.com\/noticias\/#breadcrumb"},"inLanguage":"fr-FR","potentialAction":[{"@type":"ReadAction","target":["https:\/\/molditindustries.com\/noticias\/"]}]},{"@type":"BreadcrumbList","@id":"https:\/\/molditindustries.com\/noticias\/#breadcrumb","itemListElement":[{"@type":"ListItem","position":1,"name":"In\u00edcio","item":"https:\/\/molditindustries.com\/pt_pt\/"},{"@type":"ListItem","position":2,"name":"Not\u00edcias"}]},{"@type":"WebSite","@id":"https:\/\/molditindustries.com\/pt_pt\/#website","url":"https:\/\/molditindustries.com\/pt_pt\/","name":"MOLDIT Industries","description":"","potentialAction":[{"@type":"SearchAction","target":{"@type":"EntryPoint","urlTemplate":"https:\/\/molditindustries.com\/pt_pt\/?s={search_term_string}"},"query-input":{"@type":"PropertyValueSpecification","valueRequired":true,"valueName":"search_term_string"}}],"inLanguage":"fr-FR"}]}},"_links":{"self":[{"href":"https:\/\/molditindustries.com\/fr\/wp-json\/wp\/v2\/pages\/30","targetHints":{"allow":["GET"]}}],"collection":[{"href":"https:\/\/molditindustries.com\/fr\/wp-json\/wp\/v2\/pages"}],"about":[{"href":"https:\/\/molditindustries.com\/fr\/wp-json\/wp\/v2\/types\/page"}],"author":[{"embeddable":true,"href":"https:\/\/molditindustries.com\/fr\/wp-json\/wp\/v2\/users\/1"}],"replies":[{"embeddable":true,"href":"https:\/\/molditindustries.com\/fr\/wp-json\/wp\/v2\/comments?post=30"}],"version-history":[{"count":70,"href":"https:\/\/molditindustries.com\/fr\/wp-json\/wp\/v2\/pages\/30\/revisions"}],"predecessor-version":[{"id":2484,"href":"https:\/\/molditindustries.com\/fr\/wp-json\/wp\/v2\/pages\/30\/revisions\/2484"}],"wp:attachment":[{"href":"https:\/\/molditindustries.com\/fr\/wp-json\/wp\/v2\/media?parent=30"}],"curies":[{"name":"wp","href":"https:\/\/api.w.org\/{rel}","templated":true}]}}